{"id":758,"date":"2021-10-13T16:17:55","date_gmt":"2021-10-13T14:17:55","guid":{"rendered":"http:\/\/sklep.badenczapki.eu\/?post_type=product&#038;p=758"},"modified":"2021-12-13T11:20:12","modified_gmt":"2021-12-13T10:20:12","slug":"dzokejka-czapka-z-daszkiem-znaczek-bejsbolowka","status":"publish","type":"product","link":"https:\/\/sklep.badenczapki.eu\/index.php\/product\/dzokejka-czapka-z-daszkiem-znaczek-bejsbolowka\/","title":{"rendered":"D\u017cokejka Czapka z daszkiem Znaczek bejsbol\u00f3wka"},"content":{"rendered":"<h1>HIT 2021\/2022<\/h1>\n<p><strong>D\u017bOKEJKA czarna bejsbol\u00f3wka<\/strong><\/p>\n<p>Dzianinowa\u00a0 czapka z daszkiem g\u0142adka ze znaczkiem greckim plus pompon<\/p>\n<p>Czapka bejsbol\u00f3wka, d\u017cokejka b\u0119dzie doskonale prezentowa\u0142a si\u0119 z ka\u017cd\u0105 z Twoich stylizacji.<\/p>\n<p>VETI czapka<\/p>\n<p>rozmiar uniwersalny<\/p>\n<p>50% we\u0142na 50% akryl<\/p>\n<p><b>Wysoka jako\u015b\u0107!<\/b><\/p>\n","protected":false},"excerpt":{"rendered":"<p>HIT 2021\/2022 D\u017bOKEJKA czarna bejsbol\u00f3wka Dzianinowa\u00a0 czapka z daszkiem g\u0142adka ze znaczkiem greckim plus pompon Czapka bejsbol\u00f3wka, d\u017cokejka b\u0119dzie doskonale [&hellip;]<\/p>\n","protected":false},"featured_media":746,"template":"","meta":[],"product_brand":[],"product_cat":[38],"product_tag":[],"class_list":{"0":"post-758","1":"product","2":"type-product","3":"status-publish","4":"has-post-thumbnail","6":"product_cat-czapki","7":"pa_kolor-zloty","8":"pa_kolor-srebrny","10":"first","11":"instock","12":"shipping-taxable","13":"product-type-variable"},"_links":{"self":[{"href":"https:\/\/sklep.badenczapki.eu\/index.php\/wp-json\/wp\/v2\/product\/758","targetHints":{"allow":["GET"]}}],"collection":[{"href":"https:\/\/sklep.badenczapki.eu\/index.php\/wp-json\/wp\/v2\/product"}],"about":[{"href":"https:\/\/sklep.badenczapki.eu\/index.php\/wp-json\/wp\/v2\/types\/product"}],"wp:featuredmedia":[{"embeddable":true,"href":"https:\/\/sklep.badenczapki.eu\/index.php\/wp-json\/wp\/v2\/media\/746"}],"wp:attachment":[{"href":"https:\/\/sklep.badenczapki.eu\/index.php\/wp-json\/wp\/v2\/media?parent=758"}],"wp:term":[{"taxonomy":"product_brand","embeddable":true,"href":"https:\/\/sklep.badenczapki.eu\/index.php\/wp-json\/wp\/v2\/product_brand?post=758"},{"taxonomy":"product_cat","embeddable":true,"href":"https:\/\/sklep.badenczapki.eu\/index.php\/wp-json\/wp\/v2\/product_cat?post=758"},{"taxonomy":"product_tag","embeddable":true,"href":"https:\/\/sklep.badenczapki.eu\/index.php\/wp-json\/wp\/v2\/product_tag?post=758"}],"curies":[{"name":"wp","href":"https:\/\/api.w.org\/{rel}","templated":true}]}}