{"id":351,"date":"2019-11-30T13:43:51","date_gmt":"2019-11-30T12:43:51","guid":{"rendered":"http:\/\/sklep.badenczapki.eu\/index.php\/product\/blogerka-czapka\/"},"modified":"2022-03-04T11:41:20","modified_gmt":"2022-03-04T10:41:20","slug":"blogerka-czapka","status":"publish","type":"product","link":"https:\/\/sklep.badenczapki.eu\/index.php\/product\/blogerka-czapka\/","title":{"rendered":"Blogerka Czapka"},"content":{"rendered":"<p><strong>BLOGERKA<\/strong><\/p>\n<p>Hit internetu jesienno-zimowa m\u0142odzie\u017cowa czapka odwijana<\/p>\n<p>ciep\u0142y krasnal smerfetka beanie blogerka hipsterka klasyczna<br \/>\nW kolorach teczy z naszywk\u0105 sk\u00f3rzan\u0105<\/p>\n<p>BADEN czapki<\/p>\n<p>100% akryl<\/p>\n","protected":false},"excerpt":{"rendered":"<p>BLOGERKA Hit internetu jesienno-zimowa m\u0142odzie\u017cowa czapka odwijana ciep\u0142y krasnal smerfetka beanie blogerka hipsterka klasyczna W kolorach teczy z naszywk\u0105 sk\u00f3rzan\u0105 [&hellip;]<\/p>\n","protected":false},"featured_media":352,"template":"","meta":[],"product_brand":[],"product_cat":[38],"product_tag":[34,48,55,63],"class_list":{"0":"post-351","1":"product","2":"type-product","3":"status-publish","4":"has-post-thumbnail","6":"product_cat-czapki","7":"product_tag-czapka","8":"product_tag-baden","9":"product_tag-beanie","10":"product_tag-blogerka","11":"pa_kolor-rozowy","12":"pa_kolor-czerwony","13":"pa_kolor-turkusowy","15":"first","16":"outofstock","17":"shipping-taxable","18":"purchasable","19":"product-type-variable"},"_links":{"self":[{"href":"https:\/\/sklep.badenczapki.eu\/index.php\/wp-json\/wp\/v2\/product\/351","targetHints":{"allow":["GET"]}}],"collection":[{"href":"https:\/\/sklep.badenczapki.eu\/index.php\/wp-json\/wp\/v2\/product"}],"about":[{"href":"https:\/\/sklep.badenczapki.eu\/index.php\/wp-json\/wp\/v2\/types\/product"}],"wp:featuredmedia":[{"embeddable":true,"href":"https:\/\/sklep.badenczapki.eu\/index.php\/wp-json\/wp\/v2\/media\/352"}],"wp:attachment":[{"href":"https:\/\/sklep.badenczapki.eu\/index.php\/wp-json\/wp\/v2\/media?parent=351"}],"wp:term":[{"taxonomy":"product_brand","embeddable":true,"href":"https:\/\/sklep.badenczapki.eu\/index.php\/wp-json\/wp\/v2\/product_brand?post=351"},{"taxonomy":"product_cat","embeddable":true,"href":"https:\/\/sklep.badenczapki.eu\/index.php\/wp-json\/wp\/v2\/product_cat?post=351"},{"taxonomy":"product_tag","embeddable":true,"href":"https:\/\/sklep.badenczapki.eu\/index.php\/wp-json\/wp\/v2\/product_tag?post=351"}],"curies":[{"name":"wp","href":"https:\/\/api.w.org\/{rel}","templated":true}]}}