{"id":291,"date":"2019-11-17T12:38:13","date_gmt":"2019-11-17T11:38:13","guid":{"rendered":"http:\/\/sklep.badenczapki.eu\/index.php\/product\/miasta-z-panterki-czapka\/"},"modified":"2022-03-04T11:44:34","modified_gmt":"2022-03-04T10:44:34","slug":"miasta-z-panterki-czapka","status":"publish","type":"product","link":"https:\/\/sklep.badenczapki.eu\/index.php\/product\/miasta-z-panterki-czapka\/","title":{"rendered":"Miasta z panterki Czapka"},"content":{"rendered":"<p><strong>MIASTA<\/strong><\/p>\n<p>motyw napis miasta z panterki<\/p>\n<p>czapka milutka spinana z ty\u0142u (podw\u00f3jna z podszewk\u0105)<\/p>\n<p>z bardzo mi\u0142ej w u\u017cytkowaniu prz\u0119dzy<\/p>\n<p>dost\u0119pna w r\u00f3\u017cnych kolorach<\/p>\n<p>BADEN czapki<\/p>\n<p>25% we\u0142na 75% akryl<\/p>\n","protected":false},"excerpt":{"rendered":"<p>MIASTA motyw napis miasta z panterki czapka milutka spinana z ty\u0142u (podw\u00f3jna z podszewk\u0105) z bardzo mi\u0142ej w u\u017cytkowaniu prz\u0119dzy [&hellip;]<\/p>\n","protected":false},"featured_media":292,"template":"","meta":[],"product_brand":[],"product_cat":[38],"product_tag":[48,49,58],"class_list":{"0":"post-291","1":"product","2":"type-product","3":"status-publish","4":"has-post-thumbnail","6":"product_cat-czapki","7":"product_tag-baden","8":"product_tag-czapki","9":"product_tag-kaszmir","10":"pa_kolor-oliwka","11":"pa_kolor-puder-roz","12":"pa_kolor-czarny","13":"pa_kolor-szary","14":"pa_kolor-granat","15":"pa_kolor-czerwony","16":"pa_kolor-grafit","17":"pa_kolor-bezowy","18":"pa_kolor-lawenda","19":"pa_kolor-miodowy","21":"first","22":"instock","23":"shipping-taxable","24":"product-type-variable"},"_links":{"self":[{"href":"https:\/\/sklep.badenczapki.eu\/index.php\/wp-json\/wp\/v2\/product\/291","targetHints":{"allow":["GET"]}}],"collection":[{"href":"https:\/\/sklep.badenczapki.eu\/index.php\/wp-json\/wp\/v2\/product"}],"about":[{"href":"https:\/\/sklep.badenczapki.eu\/index.php\/wp-json\/wp\/v2\/types\/product"}],"wp:featuredmedia":[{"embeddable":true,"href":"https:\/\/sklep.badenczapki.eu\/index.php\/wp-json\/wp\/v2\/media\/292"}],"wp:attachment":[{"href":"https:\/\/sklep.badenczapki.eu\/index.php\/wp-json\/wp\/v2\/media?parent=291"}],"wp:term":[{"taxonomy":"product_brand","embeddable":true,"href":"https:\/\/sklep.badenczapki.eu\/index.php\/wp-json\/wp\/v2\/product_brand?post=291"},{"taxonomy":"product_cat","embeddable":true,"href":"https:\/\/sklep.badenczapki.eu\/index.php\/wp-json\/wp\/v2\/product_cat?post=291"},{"taxonomy":"product_tag","embeddable":true,"href":"https:\/\/sklep.badenczapki.eu\/index.php\/wp-json\/wp\/v2\/product_tag?post=291"}],"curies":[{"name":"wp","href":"https:\/\/api.w.org\/{rel}","templated":true}]}}