{"id":607,"date":"2020-11-07T13:06:44","date_gmt":"2020-11-07T12:06:44","guid":{"rendered":"http:\/\/sklep.badenczapki.eu\/?post_type=product&#038;p=607"},"modified":"2022-03-04T11:31:04","modified_gmt":"2022-03-04T10:31:04","slug":"przylbica-okularowa-ochronna-kopia","status":"publish","type":"product","link":"http:\/\/sklep.badenczapki.eu\/index.php\/product\/przylbica-okularowa-ochronna-kopia\/","title":{"rendered":"Przy\u0142bica okularowa ochronna"},"content":{"rendered":"<h1>Przy\u0142bica okularowa &#8211; przy\u0142bica ochronna z okularami przezroczysta<\/h1>\n<p>Komfortowa os\u0142ona twarzy\u00a0\u2013 okularowa przy\u0142bica ochronna<\/p>\n<p>Kolor: transparentny<\/p>\n<p>Rozmiar: 24 cm x 19 cm<\/p>\n<p>Lekka i wygodna przy\u0142bica okularowa do codziennej ochrony twarzy. Dzi\u0119ki okularowemu mocowaniu os\u0142ona nie uciska g\u0142owy, a\u00a0bardzo wysoka przezroczysto\u015b\u0107 przes\u0142ony zapewnia wyj\u0105tkowy komfort u\u017cytkowania.<\/p>\n<p>Najwa\u017cniejsze korzy\u015bci przy\u0142bicy:<\/p>\n<ul>\n<li>komfortowa os\u0142ona\u00a0twarzy<\/li>\n<li>nie utrudnia oddychania<\/li>\n<li>\u0142atwa do czyszczenia<\/li>\n<li>wielokrotnego u\u017cytku<\/li>\n<li>lekka i wygodna<\/li>\n<\/ul>\n<p><b>Przy\u0142bica zabezpieczona jest foli\u0105 ochronn\u0105, kt\u00f3r\u0105 nale\u017cy \u015bci\u0105gn\u0105\u0107 przed pierwszym u\u017cyciem.<\/b><\/p>\n<p><span style=\"color: #ff0000;\"><b>Zestaw do samodzielnego monta\u017cu zawiera 1x Os\u0142ona, 1x Okulary<\/b><\/span><\/p>\n","protected":false},"excerpt":{"rendered":"<p>Przy\u0142bica okularowa &#8211; przy\u0142bica ochronna z okularami przezroczysta Komfortowa os\u0142ona twarzy\u00a0\u2013 okularowa przy\u0142bica ochronna Kolor: transparentny Rozmiar: 24 cm x [&hellip;]<\/p>\n","protected":false},"featured_media":649,"template":"","meta":[],"product_brand":[],"product_cat":[64],"product_tag":[67],"class_list":{"0":"post-607","1":"product","2":"type-product","3":"status-publish","4":"has-post-thumbnail","6":"product_cat-maseczki","7":"product_tag-przylbica","9":"first","10":"outofstock","11":"shipping-taxable","12":"purchasable","13":"product-type-simple"},"_links":{"self":[{"href":"http:\/\/sklep.badenczapki.eu\/index.php\/wp-json\/wp\/v2\/product\/607","targetHints":{"allow":["GET"]}}],"collection":[{"href":"http:\/\/sklep.badenczapki.eu\/index.php\/wp-json\/wp\/v2\/product"}],"about":[{"href":"http:\/\/sklep.badenczapki.eu\/index.php\/wp-json\/wp\/v2\/types\/product"}],"wp:featuredmedia":[{"embeddable":true,"href":"http:\/\/sklep.badenczapki.eu\/index.php\/wp-json\/wp\/v2\/media\/649"}],"wp:attachment":[{"href":"http:\/\/sklep.badenczapki.eu\/index.php\/wp-json\/wp\/v2\/media?parent=607"}],"wp:term":[{"taxonomy":"product_brand","embeddable":true,"href":"http:\/\/sklep.badenczapki.eu\/index.php\/wp-json\/wp\/v2\/product_brand?post=607"},{"taxonomy":"product_cat","embeddable":true,"href":"http:\/\/sklep.badenczapki.eu\/index.php\/wp-json\/wp\/v2\/product_cat?post=607"},{"taxonomy":"product_tag","embeddable":true,"href":"http:\/\/sklep.badenczapki.eu\/index.php\/wp-json\/wp\/v2\/product_tag?post=607"}],"curies":[{"name":"wp","href":"https:\/\/api.w.org\/{rel}","templated":true}]}}