{"id":337,"date":"2019-11-24T14:01:09","date_gmt":"2019-11-24T13:01:09","guid":{"rendered":"http:\/\/sklep.badenczapki.eu\/index.php\/product\/alpaka-komplet\/"},"modified":"2022-03-04T11:42:07","modified_gmt":"2022-03-04T10:42:07","slug":"alpaka-komplet","status":"publish","type":"product","link":"http:\/\/sklep.badenczapki.eu\/index.php\/product\/alpaka-komplet\/","title":{"rendered":"Alpaka Komplet"},"content":{"rendered":"<p><strong>ALPAKA<\/strong><\/p>\n<p>komplet czapka + szalik<\/p>\n<p>jedno kolorowy komplet wykonany z we\u0142nianej prz\u0119dzy z dodatkiem moheru<\/p>\n<p>ciep\u0142y i bardzo milutki w dotyku<br \/>\nczapka odwijana + szalik przek\u0142adany przez kieszonke wszyt\u0105 w szaliku<br \/>\ndost\u0119pny w modnych kolorach<\/p>\n<p>rozmiar uniwersalny<\/p>\n<p>OLIWIER<\/p>\n<p>20% moher 40% polyamid 20% we\u0142na 20% akryl<\/p>\n","protected":false},"excerpt":{"rendered":"<p>ALPAKA komplet czapka + szalik jedno kolorowy komplet wykonany z we\u0142nianej prz\u0119dzy z dodatkiem moheru ciep\u0142y i bardzo milutki w [&hellip;]<\/p>\n","protected":false},"featured_media":338,"template":"","meta":[],"product_brand":[],"product_cat":[38],"product_tag":[51,55,61,48,49,50],"class_list":{"0":"post-337","1":"product","2":"type-product","3":"status-publish","4":"has-post-thumbnail","6":"product_cat-czapki","7":"product_tag-komplet","8":"product_tag-beanie","9":"product_tag-alpaka","10":"product_tag-baden","11":"product_tag-czapki","12":"product_tag-komin","13":"pa_kolor-czarny","14":"pa_kolor-bialy","15":"pa_kolor-szary","16":"pa_kolor-grafit","17":"pa_kolor-bezowy","18":"pa_kolor-lawenda","20":"first","21":"instock","22":"shipping-taxable","23":"product-type-variable"},"_links":{"self":[{"href":"http:\/\/sklep.badenczapki.eu\/index.php\/wp-json\/wp\/v2\/product\/337","targetHints":{"allow":["GET"]}}],"collection":[{"href":"http:\/\/sklep.badenczapki.eu\/index.php\/wp-json\/wp\/v2\/product"}],"about":[{"href":"http:\/\/sklep.badenczapki.eu\/index.php\/wp-json\/wp\/v2\/types\/product"}],"wp:featuredmedia":[{"embeddable":true,"href":"http:\/\/sklep.badenczapki.eu\/index.php\/wp-json\/wp\/v2\/media\/338"}],"wp:attachment":[{"href":"http:\/\/sklep.badenczapki.eu\/index.php\/wp-json\/wp\/v2\/media?parent=337"}],"wp:term":[{"taxonomy":"product_brand","embeddable":true,"href":"http:\/\/sklep.badenczapki.eu\/index.php\/wp-json\/wp\/v2\/product_brand?post=337"},{"taxonomy":"product_cat","embeddable":true,"href":"http:\/\/sklep.badenczapki.eu\/index.php\/wp-json\/wp\/v2\/product_cat?post=337"},{"taxonomy":"product_tag","embeddable":true,"href":"http:\/\/sklep.badenczapki.eu\/index.php\/wp-json\/wp\/v2\/product_tag?post=337"}],"curies":[{"name":"wp","href":"https:\/\/api.w.org\/{rel}","templated":true}]}}