{"id":327,"date":"2019-11-17T17:00:22","date_gmt":"2019-11-17T16:00:22","guid":{"rendered":"http:\/\/sklep.badenczapki.eu\/index.php\/product\/praga-komplet\/"},"modified":"2022-03-04T11:42:49","modified_gmt":"2022-03-04T10:42:49","slug":"praga-komplet","status":"publish","type":"product","link":"http:\/\/sklep.badenczapki.eu\/index.php\/product\/praga-komplet\/","title":{"rendered":"Praga Komplet"},"content":{"rendered":"<p><strong>PRAGA<\/strong><\/p>\n<p>komplet czapka + szalik<\/p>\n<p>jedno kolorowy komplet wykonany z we\u0142nianej prz\u0119dzy z dodatkiem angory<\/p>\n<p>ciep\u0142y i bardzo mi\u0142y w dotyku<br \/>\nczapka odwijana + szalik przek\u0142adany przez kieszonke wszyt\u0105 w szaliku<br \/>\ndost\u0119pny w modnych kolorach<\/p>\n<p>rozmiar uniwersalny<\/p>\n<p>OLIWIER<\/p>\n<p>30% we\u0142na 70% akryl<\/p>\n","protected":false},"excerpt":{"rendered":"<p>PRAGA komplet czapka + szalik jedno kolorowy komplet wykonany z we\u0142nianej prz\u0119dzy z dodatkiem angory ciep\u0142y i bardzo mi\u0142y w [&hellip;]<\/p>\n","protected":false},"featured_media":328,"template":"","meta":[],"product_brand":[],"product_cat":[38],"product_tag":[],"class_list":{"0":"post-327","1":"product","2":"type-product","3":"status-publish","4":"has-post-thumbnail","6":"product_cat-czapki","7":"pa_kolor-szary","8":"pa_kolor-ecru","9":"pa_kolor-jasny-bez","10":"pa_kolor-puder-roz","12":"first","13":"instock","14":"shipping-taxable","15":"product-type-variable"},"_links":{"self":[{"href":"http:\/\/sklep.badenczapki.eu\/index.php\/wp-json\/wp\/v2\/product\/327","targetHints":{"allow":["GET"]}}],"collection":[{"href":"http:\/\/sklep.badenczapki.eu\/index.php\/wp-json\/wp\/v2\/product"}],"about":[{"href":"http:\/\/sklep.badenczapki.eu\/index.php\/wp-json\/wp\/v2\/types\/product"}],"wp:featuredmedia":[{"embeddable":true,"href":"http:\/\/sklep.badenczapki.eu\/index.php\/wp-json\/wp\/v2\/media\/328"}],"wp:attachment":[{"href":"http:\/\/sklep.badenczapki.eu\/index.php\/wp-json\/wp\/v2\/media?parent=327"}],"wp:term":[{"taxonomy":"product_brand","embeddable":true,"href":"http:\/\/sklep.badenczapki.eu\/index.php\/wp-json\/wp\/v2\/product_brand?post=327"},{"taxonomy":"product_cat","embeddable":true,"href":"http:\/\/sklep.badenczapki.eu\/index.php\/wp-json\/wp\/v2\/product_cat?post=327"},{"taxonomy":"product_tag","embeddable":true,"href":"http:\/\/sklep.badenczapki.eu\/index.php\/wp-json\/wp\/v2\/product_tag?post=327"}],"curies":[{"name":"wp","href":"https:\/\/api.w.org\/{rel}","templated":true}]}}