{"id":269,"date":"2019-11-17T12:02:35","date_gmt":"2019-11-17T11:02:35","guid":{"rendered":"http:\/\/sklep.badenczapki.eu\/index.php\/product\/literki-czapka\/"},"modified":"2022-03-04T11:45:23","modified_gmt":"2022-03-04T10:45:23","slug":"literki-czapka","status":"publish","type":"product","link":"http:\/\/sklep.badenczapki.eu\/index.php\/product\/literki-czapka\/","title":{"rendered":"Literki Czapka"},"content":{"rendered":"<p><strong>LITERKI<\/strong><\/p>\n<p>czapka milutka spinana z ty\u0142u (podw\u00f3jna z podszewk\u0105)<\/p>\n<p>z bardzo mi\u0142ej w u\u017cytkowaniu prz\u0119dzy<\/p>\n<p>dost\u0119pna w r\u00f3\u017cnych kolorach<\/p>\n<p>BADEN czapki<\/p>\n<p>25% we\u0142na 75% akryl<\/p>\n","protected":false},"excerpt":{"rendered":"<p>LITERKI czapka milutka spinana z ty\u0142u (podw\u00f3jna z podszewk\u0105) z bardzo mi\u0142ej w u\u017cytkowaniu prz\u0119dzy dost\u0119pna w r\u00f3\u017cnych kolorach BADEN [&hellip;]<\/p>\n","protected":false},"featured_media":270,"template":"","meta":[],"product_brand":[],"product_cat":[38],"product_tag":[48,58,34],"class_list":{"0":"post-269","1":"product","2":"type-product","3":"status-publish","4":"has-post-thumbnail","6":"product_cat-czapki","7":"product_tag-baden","8":"product_tag-kaszmir","9":"product_tag-czapka","10":"pa_kolor-oliwka","11":"pa_kolor-puder-roz","12":"pa_kolor-czarny","13":"pa_kolor-szary","14":"pa_kolor-amarant","15":"pa_kolor-czerwony","16":"pa_kolor-grafit","17":"pa_kolor-bezowy","18":"pa_kolor-lawenda","19":"pa_kolor-miodowy","21":"first","22":"instock","23":"shipping-taxable","24":"product-type-variable"},"_links":{"self":[{"href":"http:\/\/sklep.badenczapki.eu\/index.php\/wp-json\/wp\/v2\/product\/269","targetHints":{"allow":["GET"]}}],"collection":[{"href":"http:\/\/sklep.badenczapki.eu\/index.php\/wp-json\/wp\/v2\/product"}],"about":[{"href":"http:\/\/sklep.badenczapki.eu\/index.php\/wp-json\/wp\/v2\/types\/product"}],"wp:featuredmedia":[{"embeddable":true,"href":"http:\/\/sklep.badenczapki.eu\/index.php\/wp-json\/wp\/v2\/media\/270"}],"wp:attachment":[{"href":"http:\/\/sklep.badenczapki.eu\/index.php\/wp-json\/wp\/v2\/media?parent=269"}],"wp:term":[{"taxonomy":"product_brand","embeddable":true,"href":"http:\/\/sklep.badenczapki.eu\/index.php\/wp-json\/wp\/v2\/product_brand?post=269"},{"taxonomy":"product_cat","embeddable":true,"href":"http:\/\/sklep.badenczapki.eu\/index.php\/wp-json\/wp\/v2\/product_cat?post=269"},{"taxonomy":"product_tag","embeddable":true,"href":"http:\/\/sklep.badenczapki.eu\/index.php\/wp-json\/wp\/v2\/product_tag?post=269"}],"curies":[{"name":"wp","href":"https:\/\/api.w.org\/{rel}","templated":true}]}}