{"id":245,"date":"2019-11-16T19:33:54","date_gmt":"2019-11-16T18:33:54","guid":{"rendered":"http:\/\/sklep.badenczapki.eu\/index.php\/product\/perelki-czapka\/"},"modified":"2022-03-04T11:46:13","modified_gmt":"2022-03-04T10:46:13","slug":"perelki-czapka","status":"publish","type":"product","link":"http:\/\/sklep.badenczapki.eu\/index.php\/product\/perelki-czapka\/","title":{"rendered":"Pere\u0142ki Czapka"},"content":{"rendered":"<p><strong>PERE\u0141KI<\/strong><\/p>\n<p>czapka milutka spinana z ty\u0142u (podw\u00f3jna z podszewk\u0105)<\/p>\n<p>z bardzo mi\u0142ej w u\u017cytkowaniu prz\u0119dzy<\/p>\n<p>dost\u0119pna w r\u00f3\u017cnych kolorach<\/p>\n<p>BADEN czapki<\/p>\n<p>25% we\u0142na 75% akryl<\/p>\n","protected":false},"excerpt":{"rendered":"<p>PERE\u0141KI czapka milutka spinana z ty\u0142u (podw\u00f3jna z podszewk\u0105) z bardzo mi\u0142ej w u\u017cytkowaniu prz\u0119dzy dost\u0119pna w r\u00f3\u017cnych kolorach BADEN [&hellip;]<\/p>\n","protected":false},"featured_media":246,"template":"","meta":[],"product_brand":[],"product_cat":[38],"product_tag":[48,58,34],"class_list":{"0":"post-245","1":"product","2":"type-product","3":"status-publish","4":"has-post-thumbnail","6":"product_cat-czapki","7":"product_tag-baden","8":"product_tag-kaszmir","9":"product_tag-czapka","10":"pa_kolor-miodowy","11":"pa_kolor-oliwka","12":"pa_kolor-szary","13":"pa_kolor-puder-roz","14":"pa_kolor-granat","15":"pa_kolor-czerwony","16":"pa_kolor-amarant","17":"pa_kolor-grafit","18":"pa_kolor-bezowy","19":"pa_kolor-jasny-bez","20":"pa_kolor-lawenda","22":"first","23":"instock","24":"shipping-taxable","25":"product-type-variable"},"_links":{"self":[{"href":"http:\/\/sklep.badenczapki.eu\/index.php\/wp-json\/wp\/v2\/product\/245","targetHints":{"allow":["GET"]}}],"collection":[{"href":"http:\/\/sklep.badenczapki.eu\/index.php\/wp-json\/wp\/v2\/product"}],"about":[{"href":"http:\/\/sklep.badenczapki.eu\/index.php\/wp-json\/wp\/v2\/types\/product"}],"wp:featuredmedia":[{"embeddable":true,"href":"http:\/\/sklep.badenczapki.eu\/index.php\/wp-json\/wp\/v2\/media\/246"}],"wp:attachment":[{"href":"http:\/\/sklep.badenczapki.eu\/index.php\/wp-json\/wp\/v2\/media?parent=245"}],"wp:term":[{"taxonomy":"product_brand","embeddable":true,"href":"http:\/\/sklep.badenczapki.eu\/index.php\/wp-json\/wp\/v2\/product_brand?post=245"},{"taxonomy":"product_cat","embeddable":true,"href":"http:\/\/sklep.badenczapki.eu\/index.php\/wp-json\/wp\/v2\/product_cat?post=245"},{"taxonomy":"product_tag","embeddable":true,"href":"http:\/\/sklep.badenczapki.eu\/index.php\/wp-json\/wp\/v2\/product_tag?post=245"}],"curies":[{"name":"wp","href":"https:\/\/api.w.org\/{rel}","templated":true}]}}