{"id":235,"date":"2019-11-16T19:04:07","date_gmt":"2019-11-16T18:04:07","guid":{"rendered":"http:\/\/sklep.badenczapki.eu\/index.php\/product\/beanie-unisex-komplet\/"},"modified":"2022-03-04T11:47:03","modified_gmt":"2022-03-04T10:47:03","slug":"beanie-unisex-komplet","status":"publish","type":"product","link":"http:\/\/sklep.badenczapki.eu\/index.php\/product\/beanie-unisex-komplet\/","title":{"rendered":"Beanie unisex komplet"},"content":{"rendered":"<ol>\n<li>Smerfetka czapka beanie d\u0142uga spinana &#8211; model\u00a0 zar\u00f3wno dla m\u0119\u017cczyzny jak i kobiety<\/li>\n<\/ol>\n<p>Komplet Czapka+komin w \u015brodku ocieplona milutkim materia\u0142em typu mikropolar<br \/>\nMateria\u0142 uci\u0105gliwy, cienki a zarazem ciep\u0142y oraz bardzo przyjemny w dotyku.<\/p>\n<p>Komin typu tuba<\/p>\n<p>Dodatkowo czapka posiada z ty\u0142u zapi\u0119cie pozwalaj\u0105ce pozwalaj\u0105ce regulowa\u0107 czapk\u0119 w 3 r\u00f3\u017cnych d\u0142ugo\u015bciach.<\/p>\n<p>Rozmiar: uniwersalny<br \/>\nRozmiar 58 cm jest rozmiarem nominalnym, czapka bardzo uci\u0105gliwa przez co pracuje w rozmiarach od 56 do 60 cm.<\/p>\n<p>Sk\u0142ad:<br \/>\n50% bawe\u0142na<br \/>\n50% poliester<\/p>\n","protected":false},"excerpt":{"rendered":"<p>Smerfetka czapka beanie d\u0142uga spinana &#8211; model\u00a0 zar\u00f3wno dla m\u0119\u017cczyzny jak i kobiety Komplet Czapka+komin w \u015brodku ocieplona milutkim materia\u0142em [&hellip;]<\/p>\n","protected":false},"featured_media":236,"template":"","meta":[],"product_brand":[],"product_cat":[38],"product_tag":[48,55,56,57],"class_list":{"0":"post-235","1":"product","2":"type-product","3":"status-publish","4":"has-post-thumbnail","6":"product_cat-czapki","7":"product_tag-baden","8":"product_tag-beanie","9":"product_tag-smerfetka","10":"product_tag-unisex","11":"pa_kolor-czarny","12":"pa_kolor-granat","13":"pa_kolor-grafit","15":"first","16":"instock","17":"shipping-taxable","18":"product-type-variable"},"_links":{"self":[{"href":"http:\/\/sklep.badenczapki.eu\/index.php\/wp-json\/wp\/v2\/product\/235","targetHints":{"allow":["GET"]}}],"collection":[{"href":"http:\/\/sklep.badenczapki.eu\/index.php\/wp-json\/wp\/v2\/product"}],"about":[{"href":"http:\/\/sklep.badenczapki.eu\/index.php\/wp-json\/wp\/v2\/types\/product"}],"wp:featuredmedia":[{"embeddable":true,"href":"http:\/\/sklep.badenczapki.eu\/index.php\/wp-json\/wp\/v2\/media\/236"}],"wp:attachment":[{"href":"http:\/\/sklep.badenczapki.eu\/index.php\/wp-json\/wp\/v2\/media?parent=235"}],"wp:term":[{"taxonomy":"product_brand","embeddable":true,"href":"http:\/\/sklep.badenczapki.eu\/index.php\/wp-json\/wp\/v2\/product_brand?post=235"},{"taxonomy":"product_cat","embeddable":true,"href":"http:\/\/sklep.badenczapki.eu\/index.php\/wp-json\/wp\/v2\/product_cat?post=235"},{"taxonomy":"product_tag","embeddable":true,"href":"http:\/\/sklep.badenczapki.eu\/index.php\/wp-json\/wp\/v2\/product_tag?post=235"}],"curies":[{"name":"wp","href":"https:\/\/api.w.org\/{rel}","templated":true}]}}