{"id":155,"date":"2019-09-25T14:31:40","date_gmt":"2019-09-25T12:31:40","guid":{"rendered":"http:\/\/sklep.badenczapki.eu\/index.php\/product\/montana-czapka\/"},"modified":"2022-03-04T11:47:48","modified_gmt":"2022-03-04T10:47:48","slug":"montana-czapka","status":"publish","type":"product","link":"http:\/\/sklep.badenczapki.eu\/index.php\/product\/montana-czapka\/","title":{"rendered":"Montana Czapka Veti"},"content":{"rendered":"<p><strong>MONTANA<\/strong><\/p>\n<p>g\u0142adki prz\u00f3d na tyle ozdoba<\/p>\n<p>VETI czapka<\/p>\n<p>50% we\u0142na 50% akryl<\/p>\n","protected":false},"excerpt":{"rendered":"<p>MONTANA g\u0142adki prz\u00f3d na tyle ozdoba VETI czapka 50% we\u0142na 50% akryl<\/p>\n","protected":false},"featured_media":156,"template":"","meta":[],"product_brand":[],"product_cat":[38],"product_tag":[23,30,34],"class_list":{"0":"post-155","1":"product","2":"type-product","3":"status-publish","4":"has-post-thumbnail","6":"product_cat-czapki","7":"product_tag-veti","8":"product_tag-beret","9":"product_tag-czapka","10":"pa_kolor-szary","11":"pa_kolor-ecru","13":"first","14":"instock","15":"shipping-taxable","16":"product-type-variable"},"_links":{"self":[{"href":"http:\/\/sklep.badenczapki.eu\/index.php\/wp-json\/wp\/v2\/product\/155","targetHints":{"allow":["GET"]}}],"collection":[{"href":"http:\/\/sklep.badenczapki.eu\/index.php\/wp-json\/wp\/v2\/product"}],"about":[{"href":"http:\/\/sklep.badenczapki.eu\/index.php\/wp-json\/wp\/v2\/types\/product"}],"wp:featuredmedia":[{"embeddable":true,"href":"http:\/\/sklep.badenczapki.eu\/index.php\/wp-json\/wp\/v2\/media\/156"}],"wp:attachment":[{"href":"http:\/\/sklep.badenczapki.eu\/index.php\/wp-json\/wp\/v2\/media?parent=155"}],"wp:term":[{"taxonomy":"product_brand","embeddable":true,"href":"http:\/\/sklep.badenczapki.eu\/index.php\/wp-json\/wp\/v2\/product_brand?post=155"},{"taxonomy":"product_cat","embeddable":true,"href":"http:\/\/sklep.badenczapki.eu\/index.php\/wp-json\/wp\/v2\/product_cat?post=155"},{"taxonomy":"product_tag","embeddable":true,"href":"http:\/\/sklep.badenczapki.eu\/index.php\/wp-json\/wp\/v2\/product_tag?post=155"}],"curies":[{"name":"wp","href":"https:\/\/api.w.org\/{rel}","templated":true}]}}