{"id":33,"date":"2020-11-01T12:29:25","date_gmt":"2020-11-01T11:29:25","guid":{"rendered":"http:\/\/sklep2.badenczapki.eu\/?page_id=33"},"modified":"2021-09-11T15:41:36","modified_gmt":"2021-09-11T13:41:36","slug":"regulamin","status":"publish","type":"page","link":"http:\/\/sklep.badenczapki.eu\/index.php\/regulamin\/","title":{"rendered":"Regulamin"},"content":{"rendered":"<p>[vc_row][vc_column width=&#8221;1\/1&#8243;][vc_column_text text_lead=&#8221;yes&#8221;]<\/p>\n<h4>ZA PRODUKT PODAWANE S\u0104 CENY BRUTTO<\/h4>\n<h3><em>SKLEP INTERNETOWY DLA KLIENT\u00d3W DETALICZNYCH JAK I HURTOWYCH.\u00a0\u00a0<\/em><\/h3>\n<h3><em>DOMY\u015aLNE CENY PODANE S\u0104 DETALICZNE, LECZ PO REJESTRACJI\u00a0 KONTA W SKLEPIE I\u00a0<strong>WPISANIU DANYCH SWOJEJ FIRMY<\/strong>\u00a0 KLIENT OTRZYMUJE DOST\u0118P DO CEN HURTOWYCH<\/em><\/h3>\n<h3>Regulamin zakup\u00f3w sklepu internetowego<\/h3>\n<p><strong>I. Definicje<\/strong><br \/>\nU\u017cyte w Regulaminie poj\u0119cia oznaczaj\u0105:<br \/>\n1. Klient\u00a0? osoba fizyczna, osoba prawna lub jednostka organizacyjna nieb\u0119d\u0105ca osob\u0105 prawn\u0105, kt\u00f3rej przepisy szczeg\u00f3lne przyznaj\u0105 zdolno\u015b\u0107 prawn\u0105, kt\u00f3ra dokonuje Zam\u00f3wienia w ramach Sklepu;<br \/>\n2. Kodeks Cywilny\u00a0? ustawa z dnia 23 kwietnia 1964 r. (Dz.U. Nr 16, poz. 93 ze zm.);<br \/>\n3. Sklep internetowy (Sklep)\u00a0? serwis internetowy dost\u0119pny pod\u00a0( adres strony internetowej) za po\u015brednictwem kt\u00f3rego Klient mo\u017ce w szczeg\u00f3lno\u015bci sk\u0142ada\u0107 Zam\u00f3wienia;<br \/>\n4. Towar\u00a0? produkty prezentowane w Sklepie Internetowym;<br \/>\n5. Umowa sprzeda\u017cy\u00a0? umowa sprzeda\u017cy Towar\u00f3w w rozumieniu Kodeksu Cywilnego, zawarta pomi\u0119dzy PPHU Export-Import Bogdan Daniel\u00a0\u00a0a Klientem, zawierana z wykorzystaniem serwisu internetowego Sklepu;<br \/>\n6. Ustawa o prawach konsumenta\u00a0? ustawa z dnia 30 maja 2014 r. o prawach konsumenta (Dz.U. z 2014 r. poz. 827);<br \/>\n7. Ustawa o \u015bwiadczeniu us\u0142ug drog\u0105 elektroniczn\u0105\u00a0? ustawa z dnia 18 lipca 2002 r. o \u015bwiadczeniu us\u0142ug drog\u0105 elektroniczn\u0105 (Dz. U. Nr 144, poz. 1204 ze zm.);<br \/>\n8. Zam\u00f3wienie\u00a0? o\u015bwiadczenie woli Klienta, zmierzaj\u0105ce bezpo\u015brednio do zawarcia Umowy sprzeda\u017cy, okre\u015blaj\u0105ce w szczeg\u00f3lno\u015bci rodzaj i liczb\u0119 Towaru.<br \/>\n9. Sprzedaj\u0105cy\u00a0? w\u0142a\u015bciciel sklepu internetowego:<br \/>\nP.P.H.U Export-Import Bogdan Daniel<br \/>\no\u015b. Niepodleg\u0142o\u015bci 8\/4 , 31-861 Krak\u00f3w<br \/>\nNIP: 678-103-41-54 , tel. +48\u00a0602-76-93-60<br \/>\nzarejestrowany i widoczny w ewidencji CEIDG .<br \/>\n10. Adres do zwrot\u00f3w\u00a0? adres pod kt\u00f3ry nale\u017cy kierowa\u0107 zwracany towar:<br \/>\nC.H PTAK Hala D-204<br \/>\nRzemie\u015blnicza 35 , 95-030 Rzg\u00f3w<br \/>\nTel. +48\u00a0504-440-560<br \/>\nbiuro@badenczapki.eu<\/p>\n<p><a href=\"https:\/\/www.dropbox.com\/s\/isjlczcld7k49h9\/formularz_zwrotu_badenveti.pdf?dl=1\">FORMULARZ ZWROTU TOWARU<\/a><\/p>\n<p><strong>I. Postanowienia og\u00f3lne<\/strong><br \/>\n2.1. Niniejszy Regulamin okre\u015bla zasady korzystania ze sklepu internetowego dost\u0119pnego pod\u00a0(adres sklepu internetowego).<br \/>\n2.2. Niniejszy Regulamin jest regulaminem, o kt\u00f3rym mowa w art. 8 Ustawy o \u015bwiadczeniu us\u0142ug drog\u0105 elektroniczn\u0105.<br \/>\n2.3. Sklep internetowy, dzia\u0142aj\u0105cy pod (adres sklepu internetowego) prowadzony jest przez Bogdan Daniel.<br \/>\n2.4. Niniejszy Regulamin okre\u015bla w szczeg\u00f3lno\u015bci:<br \/>\na) zasady dokonywania rejestracji i korzystania z konta w ramach sklepu internetowego;<br \/>\nb) warunki i zasady sk\u0142adania drog\u0105 elektroniczn\u0105 Zam\u00f3wie\u0144 w ramach sklepu internetowego;<\/p>\n<p>2.6. Zgodnie z obowi\u0105zuj\u0105cymi przepisami prawa Bogdan Daniel zastrzega sobie mo\u017cliwo\u015b\u0107 ograniczenia \u015bwiadczenia us\u0142ug za po\u015brednictwem Sklepu internetowego do os\u00f3b, kt\u00f3re uko\u0144czy\u0142y wiek 18 lat. W takim przypadku potencjalni Klienci zostan\u0105 o powy\u017cszym powiadomieni.<br \/>\n2.7. Klienci mog\u0105 uzyska\u0107 dost\u0119p do niniejszego Regulaminu w ka\u017cdym czasie za po\u015brednictwem odsy\u0142acza zamieszczonego na stronie g\u0142\u00f3wnej serwisu oraz pobra\u0107 go i sporz\u0105dzi\u0107 jego wydruk.<br \/>\n2.8. Informacje o Towarach podane na stronach internetowych Sklepu, w szczeg\u00f3lno\u015bci ich opisy, parametry techniczne i u\u017cytkowe oraz ceny, stanowi\u0105 zaproszenie do zawarcia umowy, w rozumieniu art. 71 Kodeksu Cywilnego.<\/p>\n<p><strong>II. Zasady korzystania ze Sklepu Internetowego<\/strong><br \/>\n3.1. Warunkiem rozpocz\u0119cia korzystania ze Sklepu internetowego jest rejestracja w jego ramach.<br \/>\n3.2. Rejestracja nast\u0119puje poprzez wype\u0142nienie i zaakceptowanie formularza rejestracyjnego, udost\u0119pnianego na jednej ze stron Sklepu.<br \/>\n3.3. Warunkiem rejestracji jest wyra\u017cenie zgody na tre\u015b\u0107 Regulaminu oraz podanie danych osobowych oznaczonych jako obowi\u0105zkowe.<br \/>\n3.4. PPHU Export-Import mo\u017ce pozbawi\u0107 Klienta prawa do korzystania ze Sklepu Internetowego, jak r\u00f3wnie\u017c mo\u017ce ograniczy\u0107 jego dost\u0119p do cz\u0119\u015bci lub ca\u0142o\u015bci zasob\u00f3w Sklepu Internetowego, ze skutkiem natychmiastowym, w przypadku naruszenia przez Klienta Regulaminu, a w szczeg\u00f3lno\u015bci, gdy Klient:<br \/>\na) poda\u0142 w trakcie rejestracji w sklepie internetowym dane niezgodne z prawd\u0105, niedok\u0142adne lub nieaktualne, wprowadzaj\u0105ce w b\u0142\u0105d lub naruszaj\u0105ce prawa os\u00f3b trzecich,<br \/>\nb) dopu\u015bci\u0142 si\u0119 za po\u015brednictwem sklepu internetowego naruszenia d\u00f3br osobistych os\u00f3b trzecich, w szczeg\u00f3lno\u015bci d\u00f3br osobistych innych klient\u00f3w sklepu internetowego,<br \/>\nc) dopu\u015bci si\u0119 innych zachowa\u0144, kt\u00f3re zostan\u0105 uznane przez PPHU Export-Import za zachowania niezgodne z obowi\u0105zuj\u0105cymi przepisami prawa lub og\u00f3lnymi zasadami korzystania z sieci Internet lub godz\u0105ce w jego dobre imi\u0119.<br \/>\n3.5. Osoba, kt\u00f3ra zosta\u0142a pozbawiona prawa do korzystania ze sklepu internetowego, nie mo\u017ce dokona\u0107 powt\u00f3rnej rejestracji bez uprzedniej zgody PPHU Export-Import.<br \/>\n3.6. W celu zapewnienia bezpiecze\u0144stwa przekazu komunikat\u00f3w i danych w zwi\u0105zku ze \u015bwiadczonymi w ramach Witryny us\u0142ugami, Sklep internetowy podejmuje \u015brodki techniczne i organizacyjne odpowiednie do stopnia zagro\u017cenia bezpiecze\u0144stwa \u015bwiadczonych us\u0142ug, w szczeg\u00f3lno\u015bci \u015brodki s\u0142u\u017c\u0105ce zapobieganiu pozyskiwania i modyfikacji przez osoby nieuprawnione danych osobowych przesy\u0142anych w Internecie.<br \/>\n3.7. Klient zobowi\u0105zany jest w szczeg\u00f3lno\u015bci do:<br \/>\na) niedostarczania i nieprzekazywania tre\u015bci zabronionych przez przepisy prawa, np. tre\u015bci propaguj\u0105cych przemoc, znies\u0142awiaj\u0105cych lub naruszaj\u0105cych dobra osobiste i inne prawa os\u00f3b trzecich,<br \/>\nb) korzystania ze Sklepu internetowego w spos\u00f3b nie zak\u0142\u00f3caj\u0105cy jego funkcjonowania, w szczeg\u00f3lno\u015bci poprzez u\u017cycie okre\u015blonego oprogramowania lub urz\u0105dze\u0144,<br \/>\nc) niepodejmowania dzia\u0142a\u0144 takich jak: rozsy\u0142anie lub umieszczanie w ramach Sklepu internetowego niezam\u00f3wionej informacji handlowej (spam),<br \/>\nd) korzystania z wszelkich tre\u015bci zamieszczonych w ramach Sklepu internetowego jedynie w zakresie w\u0142asnego u\u017cytku osobistego,<br \/>\ne) korzystania ze Sklepu internetowego w spos\u00f3b zgodny z przepisami obowi\u0105zuj\u0105cego na terytorium Rzeczypospolitej Polskiej prawa, postanowieniami Regulaminu, a tak\u017ce z og\u00f3lnymi zasadami korzystania z sieci Internet.<\/p>\n<p><strong>III. Procedura zawarcia Umowy sprzeda\u017cy<\/strong><br \/>\n4.1. W celu zawarcia Umowy sprzeda\u017cy za po\u015brednictwem Sklepu internetowego nale\u017cy wej\u015b\u0107 na stron\u0119 internetow\u0105 sklepu, dokona\u0107 wyboru towaru (i jego kolorystyki i\/lub rozmiaru), podejmuj\u0105c kolejne czynno\u015bci techniczne w oparciu o wy\u015bwietlane Klientowi komunikaty oraz informacje dost\u0119pne na stronie.<br \/>\n4.2. Wyb\u00f3r zamawianych Towar\u00f3w przez Klienta jest dokonywany poprzez ich dodanie do koszyka.<br \/>\n4.3. W trakcie sk\u0142adania Zam\u00f3wienia ? do momentu naci\u015bni\u0119cia przycisku ?Zamawiam? ? Klient ma mo\u017cliwo\u015b\u0107 modyfikacji wprowadzonych danych oraz w zakresie wyboru Towaru. W tym celu nale\u017cy kierowa\u0107 si\u0119 wy\u015bwietlanymi Klientowi komunikatami oraz informacjami dost\u0119pnymi na stronie.<br \/>\n4.4. Po podaniu przez Klienta korzystaj\u0105cego ze Sklepu internetowego wszystkich niezb\u0119dnych danych, wy\u015bwietlone zostanie podsumowanie z\u0142o\u017conego zam\u00f3wienia. Podsumowanie z\u0142o\u017conego Zam\u00f3wienia b\u0119dzie zawiera\u0107 informacje dotycz\u0105ce:<br \/>\na) przedmiotu zam\u00f3wienia,<br \/>\nb) jednostkowej oraz \u0142\u0105cznej ceny zamawianych produkt\u00f3w lub us\u0142ug, w tym koszt\u00f3w dostawy oraz dodatkowych koszt\u00f3w (je\u015bli wyst\u0119puj\u0105),<br \/>\nc) wybranej metody p\u0142atno\u015bci,<br \/>\nd) wybranego sposobu dostawy,<br \/>\ne) czasu dostawy.<br \/>\n4.5. W celu wys\u0142ania Zam\u00f3wienia konieczne jest dokonanie akceptacji tre\u015bci Regulaminu, podanie danych osobowych oznaczonych jako obowi\u0105zkowe oraz naci\u015bni\u0119cie przycisku ?Zamawiam z obowi\u0105zkiem zap\u0142aty?.<br \/>\n4.6. Wys\u0142anie przez Klienta Zam\u00f3wienia stanowi o\u015bwiadczenie woli zawarcia z PPHU Export-Import Bogdan Daniel Umowy sprzeda\u017cy, zgodnie z tre\u015bci\u0105 Regulaminu.<br \/>\n4.7. Po z\u0142o\u017ceniu Zam\u00f3wienia, Klient otrzymuje wiadomo\u015b\u0107 e-mail potwierdzaj\u0105c\u0105 z\u0142o\u017cenie zam\u00f3wienia, zawieraj\u0105c\u0105 ostateczne potwierdzenie wszystkich istotnych element\u00f3w Zam\u00f3wienia.<br \/>\n4.8. Umow\u0119 traktuje si\u0119 za zawart\u0105 z momentem otrzymania przez Klienta wiadomo\u015bci e-mail, o kt\u00f3rej mowa powy\u017cej lub w momencie zap\u0142aty za towar w zale\u017cno\u015bci co nast\u0105pi wcze\u015bniej.<br \/>\n4.9. Umowa sprzeda\u017cy zawierana jest w j\u0119zyku polskim, o tre\u015bci zgodnej z Regulaminem.<br \/>\n4.10.\u00a0Klient zobowi\u0105zany jest do zap\u0142aty ceny za zam\u00f3wienie z\u0142o\u017cone w sklepie internetowym , w tym za koszty dostawy, nie p\u00f3\u017aniej ni\u017c w terminie 10 dni od dnia zawarcia umowy, z zastrze\u017ceniem, gdy p\u0142atno\u015b\u0107 nast\u0119puje przy odbiorze.<\/p>\n<p><strong>IV. Dostawa<\/strong><br \/>\n5.1. Dostawa Towar\u00f3w jest ograniczona do obszaru Rzeczpospolitej Polskiej i odbywa si\u0119 pod adres wskazany przez Klienta w trakcie sk\u0142adania Zam\u00f3wienia.<br \/>\n5.2. Dostawa zam\u00f3wionych Towar\u00f3w odbywa si\u0119 przesy\u0142k\u0105 kuriersk\u0105 lub za po\u015brednictwem innej firmy transportowej w tym Poczty Polskiej\u00a0lub towar zostaje odebrany osobi\u015bcie. Koszty dostawy\u00a0zostan\u0105 wskazane w czasie sk\u0142adania Zam\u00f3wienia, poniewa\u017c zale\u017c\u0105 od liczby zamawianych towar\u00f3w.<\/p>\n<p>5.3.\u00a0Termin realizacji dostawy.<br \/>\nTermin wysy\u0142ki zam\u00f3wienia wynosi od 1 do 2 dni roboczych licz\u0105c od:<br \/>\na) w przypadku wysy\u0142ki za pobraniem, od dnia wys\u0142ania przez Klienta Zam\u00f3wienia,<br \/>\nb) w przypadku p\u0142atno\u015bci z g\u00f3ry, od dnia zaksi\u0119gowania wp\u0142aty.<br \/>\nPodany termin wysy\u0142ki dotyczy zam\u00f3wie\u0144 z\u0142o\u017conych w dzie\u0144 roboczy do godziny 16:00, zam\u00f3wienia z\u0142o\u017cone p\u00f3\u017aniej i w dni wolne przechodz\u0105 na nast\u0119pny dzie\u0144 roboczy i termin wysy\u0142ki liczony jest od tego dnia.<br \/>\nTermin dostawy zam\u00f3wienia wynosi od 1 do 4 dni roboczych licz\u0105c od dnia wysy\u0142ki zam\u00f3wienia. Termin dostawy zale\u017cy od rodzaju wybranej przesy\u0142ki. Dok\u0142adne terminy podane s\u0105 w trakcie sk\u0142adania zam\u00f3wienia przy formach wysy\u0142ki.<br \/>\n5.4. Klienci mog\u0105 uzyska\u0107 dost\u0119p do niniejszego Regulaminu w ka\u017cdym czasie za po\u015brednictwem odsy\u0142acza zamieszczonego na stronie sklepu oraz pobra\u0107 go i sporz\u0105dzi\u0107 jego wydruk.<br \/>\nUtrwalenie, zabezpieczenie, udost\u0119pnienie oraz potwierdzenie Klientowi istotnych postanowie\u0144 Umowy sprzeda\u017cy Towar\u00f3w nast\u0119puje poprzez przes\u0142anie Klientowi na podany adres e-mail\u00a0potwierdzenia, specyfikacji Zam\u00f3wienia oraz poprzez do\u0142\u0105czenie do przesy\u0142ki zawieraj\u0105cej Towar paragonu (dowodu sprzeda\u017cy) lub faktury VAT (je\u017celi tak opcja by\u0142a wybrana).<\/p>\n<p><strong>V. Ceny i metody p\u0142atno\u015bci<\/strong><br \/>\n6.1. Ceny Towar\u00f3w podawane s\u0105 w z\u0142otych polskich i zawieraj\u0105 wszystkie sk\u0142adniki, w tym podatek VAT (z wyr\u00f3\u017cnieniem wysoko\u015bci stawki), c\u0142a oraz wszelkie inne sk\u0142adniki.<br \/>\n6.2. Klient ma mo\u017cliwo\u015b\u0107 uiszczenia ceny:<br \/>\na) przy odbiorze ? zap\u0142ata got\u00f3wk\u0105 kurierowi przy odbiorze produktu lub w kasie punktu odbioru osobistego. W wybranych przypadkach PPHU Export-Import zastrzega sobie prawo do dodatkowej weryfikacji telefonicznej tego typu zam\u00f3wie\u0144,<br \/>\nb) p\u0142atno\u015bci\u0105 online ? forma p\u0142atno\u015bci elektronicznej obs\u0142ugiwana przez system Przelewy24.pl reprezentowany przez firm\u0119:\u00a0DialCom24 Sp. z o.o.,\u00a060-327 Pozna\u0144, ul. Kanclerska 15,\u00a0NIP 781-173-38-52, REGON 634509164,\u00a0S\u0105d Rejonowy Pozna\u0144, VIII Wydz. Gospodarczy Krajowego Rejestru S\u0105dowego Nr KRS 0000306513,<br \/>\ni \u00a0metod\u0105 pay-by-linki: metoda p\u0142atno\u015bci w bankowo\u015bci internetowej wykorzystywana przez sklepy internetowe i serwisy aukcyjne. Metoda\u00a0pay-by-linki\u00a0polega na tym, \u017ce podczas zakupu w sklepie internetowym, klient otrzymuje specjalnie wygenerowany link, za pomoc\u0105 kt\u00f3rego przechodzi do strony p\u0142atno\u015bci w swoim banku,<br \/>\nc) zap\u0142ata kart\u0105 p\u0142atnicz\u0105\u00a0(Visa, Mastercard) \u2013 ka\u017cda transakcja p\u0142atno\u015bci kart\u0105 jest w spos\u00f3b bezpieczny autoryzowana przez Przelewy24.pl (co mo\u017ce chwil\u0119 potrwa\u0107). Z chwil\u0105 potwierdzenia dokonania p\u0142atno\u015bci, zam\u00f3wienie jest przekazywane do realizacji. Karta kredytowa zostaje obci\u0105\u017cona w momencie dokonania p\u0142atno\u015bci za zam\u00f3wienie.<\/p>\n<p><strong>VI. Prawo odst\u0105pienia od umowy ? zwrot towaru.<\/strong><br \/>\nAdres dla zwrot\u00f3w:<br \/>\nC.H Ptak Hala D-204, Rzemie\u015blnicza 35, 95-030 Rzg\u00f3w , tel. +48 504-440-560<br \/>\nZwrot prosz\u0119 odes\u0142a\u0107 przesy\u0142k\u0105 rejestrowan\u0105, gdy\u017c tylko taka zawiera informacj\u0119 o nadaniu, dor\u0119czeniu, a tak\u017ce umo\u017cliwia reklamacj\u0119 w przypadku zagini\u0119cia przesy\u0142ki \u2013 Prosz\u0119 nie odsy\u0142a\u0107 jako przesy\u0142ka za pobraniem (p\u0142atno\u015b\u0107 przy odbiorze), takie przesy\u0142ki nie b\u0119d\u0105 odbierane.<br \/>\nMaj\u0105 Pa\u0144stwo prawo odst\u0105pi\u0107 od niniejszej umowy w terminie 14 dni\u00a0kalendarzowych\u00a0bez podania jakiejkolwiek przyczyny.<br \/>\nTermin do odst\u0105pienia od umowy wygasa po up\u0142ywie 14 dni\u00a0kalendarzowych\u00a0od dnia w kt\u00f3rym weszli Pa\u0144stwo w posiadanie rzeczy lub w kt\u00f3rym osoba trzecia inna ni\u017c przewo\u017anik i wskazana przez Pa\u0144stwa wesz\u0142a w posiadanie rzeczy.<br \/>\nMog\u0105 Pa\u0144stwo skorzysta\u0107 z naszego wzoru formularza odst\u0105pienia od umowy\u00a0lub z jakiegokolwiek innego jednoznacznego o\u015bwiadczenia. Po wype\u0142nieniu formularz\/o\u015bwiadczenie mo\u017cna przes\u0142a\u0107 drog\u0105 elektroniczn\u0105 na nasz adres e-mail. Je\u017celi skorzystaj\u0105 Pa\u0144stwo z tej mo\u017cliwo\u015bci, prze\u015blemy Pa\u0144stwu niezw\u0142ocznie potwierdzenie otrzymania informacji o odst\u0105pieniu od umowy na trwa\u0142ym no\u015bniku (potwierdzenie poczt\u0105 elektroniczn\u0105).<br \/>\nAby zachowa\u0107 termin do odst\u0105pienia od umowy, wystarczy, aby wys\u0142ali Pa\u0144stwo informacj\u0119 dotycz\u0105c\u0105 wykonania przys\u0142uguj\u0105cego Pa\u0144stwu prawa odst\u0105pienia od umowy przed up\u0142ywem terminu do odst\u0105pienia od umowy.<\/p>\n<p>Skutki odst\u0105pienia od umowy<br \/>\nW przypadku odst\u0105pienia od niniejszej umowy zwracamy Pa\u0144stwu wszystkie otrzymane od Pa\u0144stwa p\u0142atno\u015bci, w tym koszty dostarczenia rzeczy (z wyj\u0105tkiem dodatkowych koszt\u00f3w wynikaj\u0105cych z wybranego przez Pa\u0144stwa sposobu dostarczenia innego ni\u017c najta\u0144szy zwyk\u0142y spos\u00f3b dostarczenia oferowany przez nas), niezw\u0142ocznie, a w ka\u017cdym przypadku nie p\u00f3\u017aniej ni\u017c 14 dni\u00a0kalendarzowych\u00a0od dnia, w kt\u00f3rym zostali\u015bmy poinformowani o Pa\u0144stwa decyzji o wykonaniu prawa odst\u0105pienia od niniejszej umowy. Zwrotu p\u0142atno\u015bci dokonamy przy u\u017cyciu takich samych sposob\u00f3w p\u0142atno\u015bci, jakie zosta\u0142y przez Pa\u0144stwa u\u017cyte w pierwotnej transakcji, chyba \u017ce wyra\u017anie zgodzili\u015bcie si\u0119 Pa\u0144stwo na inne rozwi\u0105zanie; w ka\u017cdym przypadku nie ponios\u0105 Pa\u0144stwo \u017cadnych op\u0142at w zwi\u0105zku z tym zwrotem. Mo\u017cemy wstrzyma\u0107 si\u0119 ze zwrotem p\u0142atno\u015bci do czasu otrzymania rzeczy lub do czasu dostarczenia nam dowodu jej odes\u0142ania, w zale\u017cno\u015bci od tego, kt\u00f3re zdarzenie nast\u0105pi wcze\u015bniej.<br \/>\nJe\u017celi konsument otrzyma\u0142 rzeczy w zwi\u0105zku z umow\u0105:<br \/>\na) prosz\u0119 odes\u0142a\u0107 lub przekaza\u0107 nam rzecz, niezw\u0142ocznie, a w ka\u017cdym razie nie p\u00f3\u017aniej ni\u017c 14 dni kalendarzowych od dnia, w kt\u00f3rym poinformowali nas Pa\u0144stwo o odst\u0105pieniu od niniejszej umowy. Termin jest zachowany, je\u017celi ode\u015bl\u0105 Pa\u0144stwo rzecz przed up\u0142ywem terminu 14 dni kalendarzowych,<br \/>\nb) b\u0119d\u0105 Pa\u0144stwo musieli ponie\u015b\u0107 bezpo\u015brednie koszty zwrotu rzeczy,<br \/>\nc) odpowiadaj\u0105 Pa\u0144stwo tylko za zmniejszenie warto\u015bci rzeczy wynikaj\u0105ce z korzystania z niej w spos\u00f3b inny ni\u017c by\u0142o to konieczne do stwierdzenia charakteru, cech i funkcjonowania rzeczy,<\/p>\n<p><strong>VII. Reklamacje dotycz\u0105ce Towar\u00f3w<\/strong><br \/>\n8.1. PPHU Export-Import Bogdan Daniel jako sprzedawca odpowiada wobec Klienta b\u0119d\u0105cego konsumentem w rozumieniu art. 22[1] Kodeksu Cywilnego, z tytu\u0142u r\u0119kojmi za wady w zakresie okre\u015blonym w Kodeksie Cywilnym, w szczeg\u00f3lno\u015bci w art. 556 oraz art. 556[1] \u2013 556[3] Kodeksu Cywilnego.<br \/>\n8.2. Reklamacje, wynikaj\u0105ce z naruszenia praw Klienta gwarantowanych prawnie, lub na podstawie niniejszego Regulaminu, nale\u017cy kierowa\u0107 na adres e-mailowy sklepu; biuro@badenczapki.eu , PPHU Export-Import zobowi\u0105zuje si\u0119 do rozpatrzenia ka\u017cdej reklamacji w terminie do 14 dni, a gdyby to nie by\u0142o mo\u017cliwe, do poinformowania w tym okresie Klienta, kiedy reklamacja zostanie rozpatrzona.<\/p>\n<p><strong>VIII. Reklamacje w zakresie \u015bwiadczenia us\u0142ug drog\u0105 elektroniczn\u0105<\/strong><br \/>\n9.1. PPHU Export-Import\u00a0podejmuje dzia\u0142ania w celu zapewnienia w pe\u0142ni poprawnego dzia\u0142ania Sklepu, w takim zakresie, jaki wynika z aktualnej wiedzy technicznej i zobowi\u0105zuje si\u0119 usun\u0105\u0107 w rozs\u0105dnym terminie wszelkie nieprawid\u0142owo\u015bci zg\u0142oszone przez Klient\u00f3w.<br \/>\n9.2. Klient zobowi\u0105zany jest niezw\u0142ocznie powiadomi\u0107 firm\u0119 PPHU Export-Import Bogdan Daniel o wszelkich nieprawid\u0142owo\u015bciach lub przerwach w funkcjonowaniu serwisu Sklepu Internetowego.<br \/>\n9.3. Nieprawid\u0142owo\u015bci zwi\u0105zane z funkcjonowaniem Sklepu Klient mo\u017ce zg\u0142asza\u0107 mailowo na adres sklepu, przy u\u017cyciu formularza kontaktowego lub\u00a0pisemnie.<br \/>\n9.4. W reklamacji Klient powinien poda\u0107 swoje imi\u0119 i nazwisko, adres do korespondencji, rodzaj i dat\u0119 wyst\u0105pienia nieprawid\u0142owo\u015bci zwi\u0105zanej z funkcjonowaniem Sklepu.<br \/>\n9.5. PPHU Export-Import zobowi\u0105zuje si\u0119 do rozpatrzenia ka\u017cdej reklamacji w terminie do 14 dni, a gdyby to nie by\u0142o mo\u017cliwe, do poinformowania w tym okresie Klienta, kiedy reklamacja zostanie rozpatrzona.<\/p>\n<p><strong>IX. Ochrona danych osobowych<\/strong><br \/>\n1. Dane osobowe przekazywane przez klient\u00f3w sklepu s\u0105 przetwarzane przez PPHU Export-Import tylko na potrzeby dzia\u0142ania sklepu.<br \/>\n2. Klient sklepu podaje dane osobowe w spos\u00f3b dobrowolny, jednak\u017ce odmowa ich podania mo\u017ce uniemo\u017cliwi\u0107 realizacj\u0119 umowy lub us\u0142ugi w nale\u017cyty spos\u00f3b.<br \/>\nX. Postanowienia ko\u0144cowe<br \/>\n1. Rozstrzyganie ewentualnych spor\u00f3w powsta\u0142ych pomi\u0119dzy PPHU Export-Import Bogdan Danel a Klientem, kt\u00f3ry jest konsumentem w rozumieniu art. 22[1] Kodeksu Cywilnego, zostaje poddane s\u0105dom w\u0142a\u015bciwym zgodnie z postanowieniami w\u0142a\u015bciwych przepis\u00f3w Kodeksu post\u0119powania cywilnego.<br \/>\n2. Rozstrzyganie ewentualnych spor\u00f3w powsta\u0142ych pomi\u0119dzy\u00a0PPHU Export-Import\u00a0a Klientem, kt\u00f3ry nie jest konsumentem w rozumieniu art. 22[1] Kodeksu Cywilnego Kodeksu Cywilnego, zostaje poddane s\u0105dowi w\u0142a\u015bciwemu ze wzgl\u0119du na siedzib\u0119\u00a0sklepu.<br \/>\n3. W sprawach nieuregulowanych w niniejszym Regulaminie maj\u0105 zastosowanie przepisy Kodeksu cywilnego, przepisy Ustawy o \u015bwiadczeniu us\u0142ug drog\u0105 elektroniczn\u0105 oraz inne w\u0142a\u015bciwe przepisy prawa polskiego.[\/vc_column_text][\/vc_column][\/vc_row]<\/p>\n","protected":false},"excerpt":{"rendered":"<p>[vc_row][vc_column width=&#8221;1\/1&#8243;][vc_column_text text_lead=&#8221;yes&#8221;] ZA PRODUKT PODAWANE S\u0104 CENY BRUTTO SKLEP INTERNETOWY DLA KLIENT\u00d3W DETALICZNYCH JAK I HURTOWYCH.\u00a0\u00a0 DOMY\u015aLNE CENY PODANE [&hellip;]<\/p>\n","protected":false},"author":1,"featured_media":0,"parent":0,"menu_order":0,"comment_status":"closed","ping_status":"closed","template":"","meta":{"footnotes":""},"class_list":["post-33","page","type-page","status-publish","hentry"],"_links":{"self":[{"href":"http:\/\/sklep.badenczapki.eu\/index.php\/wp-json\/wp\/v2\/pages\/33","targetHints":{"allow":["GET"]}}],"collection":[{"href":"http:\/\/sklep.badenczapki.eu\/index.php\/wp-json\/wp\/v2\/pages"}],"about":[{"href":"http:\/\/sklep.badenczapki.eu\/index.php\/wp-json\/wp\/v2\/types\/page"}],"author":[{"embeddable":true,"href":"http:\/\/sklep.badenczapki.eu\/index.php\/wp-json\/wp\/v2\/users\/1"}],"replies":[{"embeddable":true,"href":"http:\/\/sklep.badenczapki.eu\/index.php\/wp-json\/wp\/v2\/comments?post=33"}],"version-history":[{"count":2,"href":"http:\/\/sklep.badenczapki.eu\/index.php\/wp-json\/wp\/v2\/pages\/33\/revisions"}],"predecessor-version":[{"id":716,"href":"http:\/\/sklep.badenczapki.eu\/index.php\/wp-json\/wp\/v2\/pages\/33\/revisions\/716"}],"wp:attachment":[{"href":"http:\/\/sklep.badenczapki.eu\/index.php\/wp-json\/wp\/v2\/media?parent=33"}],"curies":[{"name":"wp","href":"https:\/\/api.w.org\/{rel}","templated":true}]}}