{"id":30,"date":"2020-11-01T12:27:54","date_gmt":"2020-11-01T11:27:54","guid":{"rendered":"http:\/\/sklep2.badenczapki.eu\/?page_id=30"},"modified":"2022-09-02T18:36:55","modified_gmt":"2022-09-02T16:36:55","slug":"o-nas","status":"publish","type":"page","link":"http:\/\/sklep.badenczapki.eu\/index.php\/o-nas\/","title":{"rendered":"O nas"},"content":{"rendered":"<p>[vc_row][vc_column width=&#8221;1\/1&#8243;][vc_custom_heading]Produkujemy nakrycia g\u0142owy inne ni\u017c wszyscy![\/vc_custom_heading][vc_column_text text_lead=&#8221;yes&#8221;]<strong>Ka\u017cda kobieta wie, \u017ce modna stylizacja musi zosta\u0107 wzbogacona o niepowtarzalne dodatki, kt\u00f3re podkre\u015bl\u0105 indywidualny charakter oraz w odpowiedni spos\u00f3b odzwierciedl\u0105 kobiec\u0105 osobowo\u015b\u0107. Z my\u015bl\u0105 o tych najmodniejszych mi\u0142o\u015bniczkach najnowszych trend\u00f3w Polska marka tworzy stylowe szale, klasyczne kominy czy niebanalne nakrycia g\u0142owy. Wspania\u0142e fasony czapek czy praktycznych szal\u00f3w wyr\u00f3\u017cniaj\u0105 NAS na tle innych marek zajmuj\u0105cych si\u0119 galanteri\u0105 oraz dodatkami. Pragniesz podkre\u015bli\u0107 swoj\u0105 nietuzinkow\u0105 osobowo\u015b\u0107 w nienarzucaj\u0105cy spos\u00f3b? Z nasz\u0105 mark\u0105 to nic trudnego!<\/strong><\/p>\n<p>Szukasz po\u0142\u0105czenia wygody, praktyczno\u015bci oraz klasy?<\/p>\n<p>Marka nasza stanowi odpowied\u017a na wszystkie Twoje dotychczasowe modowe zmartwienia. Fantastyczne dodatki czy odzie\u017c damska, kt\u00f3ra znajduje si\u0119 w najnowszej kolekcji zaskakuje niebanalnymi fasonami, kt\u00f3re jednocze\u015bnie z \u0142atwo\u015bci\u0105 znajduj\u0105 uznanie u najbardziej wybrednych fashionistek.<\/p>\n<p><strong>Stylowe nakrycia g\u0142owy, szykowne szale czy ciep\u0142e, a zarazem modne szaliki ? te po\u0142\u0105czenia wydaj\u0105 si\u0119 nierealne? Nic bardziej mylnego, z nasz\u0105 mark\u0105 Twoje stylizacje b\u0119d\u0105 modne, stylowe, a zarazem praktyczne i komfortowe.<\/strong>[\/vc_column_text][\/vc_column][\/vc_row]<\/p>\n","protected":false},"excerpt":{"rendered":"<p>[vc_row][vc_column width=&#8221;1\/1&#8243;][vc_custom_heading]Produkujemy nakrycia g\u0142owy inne ni\u017c wszyscy![\/vc_custom_heading][vc_column_text text_lead=&#8221;yes&#8221;]Ka\u017cda kobieta wie, \u017ce modna stylizacja musi zosta\u0107 wzbogacona o niepowtarzalne dodatki, kt\u00f3re [&hellip;]<\/p>\n","protected":false},"author":1,"featured_media":0,"parent":0,"menu_order":0,"comment_status":"closed","ping_status":"closed","template":"","meta":{"footnotes":""},"class_list":["post-30","page","type-page","status-publish","hentry"],"_links":{"self":[{"href":"http:\/\/sklep.badenczapki.eu\/index.php\/wp-json\/wp\/v2\/pages\/30","targetHints":{"allow":["GET"]}}],"collection":[{"href":"http:\/\/sklep.badenczapki.eu\/index.php\/wp-json\/wp\/v2\/pages"}],"about":[{"href":"http:\/\/sklep.badenczapki.eu\/index.php\/wp-json\/wp\/v2\/types\/page"}],"author":[{"embeddable":true,"href":"http:\/\/sklep.badenczapki.eu\/index.php\/wp-json\/wp\/v2\/users\/1"}],"replies":[{"embeddable":true,"href":"http:\/\/sklep.badenczapki.eu\/index.php\/wp-json\/wp\/v2\/comments?post=30"}],"version-history":[{"count":3,"href":"http:\/\/sklep.badenczapki.eu\/index.php\/wp-json\/wp\/v2\/pages\/30\/revisions"}],"predecessor-version":[{"id":714,"href":"http:\/\/sklep.badenczapki.eu\/index.php\/wp-json\/wp\/v2\/pages\/30\/revisions\/714"}],"wp:attachment":[{"href":"http:\/\/sklep.badenczapki.eu\/index.php\/wp-json\/wp\/v2\/media?parent=30"}],"curies":[{"name":"wp","href":"https:\/\/api.w.org\/{rel}","templated":true}]}}